{"id":526800,"date":"2026-01-26T15:29:22","date_gmt":"2026-01-26T13:29:22","guid":{"rendered":"https:\/\/blissilusalong.ee\/toode\/nabaneet-kuldne-ripats-sudamed\/"},"modified":"2026-01-26T15:29:22","modified_gmt":"2026-01-26T13:29:22","slug":"nabaneet-kuldne-ripats-sudamed","status":"publish","type":"product","link":"https:\/\/blissilusalong.ee\/en\/toode\/nabaneet-kuldne-ripats-sudamed\/","title":{"rendered":"Nabaneet kuldne ripats s\u00fcdamed"},"content":{"rendered":"<h3>Nabaneet kuldne ripats s\u00fcdamed<\/h3>\n<p>Kirurgilisest terasest valgete tsirkoonkividega nabaneet. S\u00fcdametega kullatud nabaneet. Tsirkoonidega ripats on s\u00e4rav ja \u00f5rn.<\/p>\n<p>Nabaneedi pulga laius 1,6mm pikkus 10 mm<\/p>\n","protected":false},"excerpt":{"rendered":"<p>Kirurgilisest terasest kullatud nabaneet. Tsirkoonidega&nbsp; kaetud ripats s\u00fcdametega.<\/p>\n","protected":false},"featured_media":526515,"comment_status":"closed","ping_status":"closed","template":"","meta":{"_acf_changed":false,"om_disable_all_campaigns":false,"_monsterinsights_skip_tracking":false,"_monsterinsights_sitenote_active":false,"_monsterinsights_sitenote_note":"","_monsterinsights_sitenote_category":0,"ngg_post_thumbnail":0},"product_brand":[],"product_cat":[549],"product_tag":[550,566,567,552,553,554,555,570],"class_list":{"0":"post-526800","1":"product","2":"type-product","3":"status-publish","4":"has-post-thumbnail","6":"product_cat-nabaneedid","7":"product_tag-allergiavaba","8":"product_tag-kuldne-nabaneet","9":"product_tag-kullatud","10":"product_tag-nabaehted","11":"product_tag-nabaneet","12":"product_tag-nabarongad","13":"product_tag-ripats","14":"product_tag-suda","16":"first","17":"instock","18":"taxable","19":"shipping-taxable","20":"purchasable","21":"product-type-simple"},"acf":[],"aioseo_notices":[],"_links":{"self":[{"href":"https:\/\/blissilusalong.ee\/en\/wp-json\/wp\/v2\/product\/526800","targetHints":{"allow":["GET"]}}],"collection":[{"href":"https:\/\/blissilusalong.ee\/en\/wp-json\/wp\/v2\/product"}],"about":[{"href":"https:\/\/blissilusalong.ee\/en\/wp-json\/wp\/v2\/types\/product"}],"replies":[{"embeddable":true,"href":"https:\/\/blissilusalong.ee\/en\/wp-json\/wp\/v2\/comments?post=526800"}],"version-history":[{"count":0,"href":"https:\/\/blissilusalong.ee\/en\/wp-json\/wp\/v2\/product\/526800\/revisions"}],"wp:featuredmedia":[{"embeddable":true,"href":"https:\/\/blissilusalong.ee\/en\/wp-json\/wp\/v2\/media\/526515"}],"wp:attachment":[{"href":"https:\/\/blissilusalong.ee\/en\/wp-json\/wp\/v2\/media?parent=526800"}],"wp:term":[{"taxonomy":"product_brand","embeddable":true,"href":"https:\/\/blissilusalong.ee\/en\/wp-json\/wp\/v2\/product_brand?post=526800"},{"taxonomy":"product_cat","embeddable":true,"href":"https:\/\/blissilusalong.ee\/en\/wp-json\/wp\/v2\/product_cat?post=526800"},{"taxonomy":"product_tag","embeddable":true,"href":"https:\/\/blissilusalong.ee\/en\/wp-json\/wp\/v2\/product_tag?post=526800"}],"curies":[{"name":"wp","href":"https:\/\/api.w.org\/{rel}","templated":true}]}}