{"id":526826,"date":"2026-02-12T14:17:14","date_gmt":"2026-02-12T12:17:14","guid":{"rendered":"https:\/\/blissilusalong.ee\/?post_type=product&#038;p=526826"},"modified":"2026-02-12T14:24:05","modified_gmt":"2026-02-12T12:24:05","slug":"nabaneet-hobedane-suda-roosad-kivid","status":"publish","type":"product","link":"https:\/\/blissilusalong.ee\/en\/toode\/nabaneet-hobedane-suda-roosad-kivid\/","title":{"rendered":"Nabaneet h\u00f5bedane s\u00fcda roosad kivid"},"content":{"rendered":"<h3>Nabaneet h\u00f5bedane s\u00fcda roosad kivid kivid<\/h3>\n<p>Kirurgilisest terasest roosade tsirkoonkividega nabaneet. S\u00fcdame ja tsirkoonidega h\u00f5bedane nabaneet. Ripats on s\u00e4rav ja \u00f5rn.<\/p>\n<p>Nabaneedi pulga laius 1,6mm pikkus 10 mm<\/p>\n","protected":false},"excerpt":{"rendered":"<p>Kirurgilisest terasest h\u00f5bedane nabaneet. Tsirkoonidega&nbsp; kaetud ripats s\u00fcdame ja roosa tsirkooniga.<\/p>\n","protected":false},"featured_media":526829,"comment_status":"closed","ping_status":"closed","template":"","meta":{"_acf_changed":false,"om_disable_all_campaigns":false,"_monsterinsights_skip_tracking":false,"_monsterinsights_sitenote_active":false,"_monsterinsights_sitenote_note":"","_monsterinsights_sitenote_category":0,"ngg_post_thumbnail":0},"product_brand":[],"product_cat":[549],"product_tag":[550,552,553,554,555,580,570,572],"class_list":{"0":"post-526826","1":"product","2":"type-product","3":"status-publish","4":"has-post-thumbnail","6":"product_cat-nabaneedid","7":"product_tag-allergiavaba","8":"product_tag-nabaehted","9":"product_tag-nabaneet","10":"product_tag-nabarongad","11":"product_tag-ripats","12":"product_tag-roosa","13":"product_tag-suda","14":"product_tag-tsirkoonid","16":"first","17":"instock","18":"taxable","19":"shipping-taxable","20":"purchasable","21":"product-type-simple"},"acf":[],"aioseo_notices":[],"_links":{"self":[{"href":"https:\/\/blissilusalong.ee\/en\/wp-json\/wp\/v2\/product\/526826","targetHints":{"allow":["GET"]}}],"collection":[{"href":"https:\/\/blissilusalong.ee\/en\/wp-json\/wp\/v2\/product"}],"about":[{"href":"https:\/\/blissilusalong.ee\/en\/wp-json\/wp\/v2\/types\/product"}],"replies":[{"embeddable":true,"href":"https:\/\/blissilusalong.ee\/en\/wp-json\/wp\/v2\/comments?post=526826"}],"version-history":[{"count":1,"href":"https:\/\/blissilusalong.ee\/en\/wp-json\/wp\/v2\/product\/526826\/revisions"}],"predecessor-version":[{"id":526831,"href":"https:\/\/blissilusalong.ee\/en\/wp-json\/wp\/v2\/product\/526826\/revisions\/526831"}],"wp:featuredmedia":[{"embeddable":true,"href":"https:\/\/blissilusalong.ee\/en\/wp-json\/wp\/v2\/media\/526829"}],"wp:attachment":[{"href":"https:\/\/blissilusalong.ee\/en\/wp-json\/wp\/v2\/media?parent=526826"}],"wp:term":[{"taxonomy":"product_brand","embeddable":true,"href":"https:\/\/blissilusalong.ee\/en\/wp-json\/wp\/v2\/product_brand?post=526826"},{"taxonomy":"product_cat","embeddable":true,"href":"https:\/\/blissilusalong.ee\/en\/wp-json\/wp\/v2\/product_cat?post=526826"},{"taxonomy":"product_tag","embeddable":true,"href":"https:\/\/blissilusalong.ee\/en\/wp-json\/wp\/v2\/product_tag?post=526826"}],"curies":[{"name":"wp","href":"https:\/\/api.w.org\/{rel}","templated":true}]}}