{"id":526839,"date":"2026-02-20T12:50:28","date_gmt":"2026-02-20T10:50:28","guid":{"rendered":"https:\/\/blissilusalong.ee\/?post_type=product&#038;p=526839"},"modified":"2026-04-06T14:54:08","modified_gmt":"2026-04-06T12:54:08","slug":"nabaneet-liblikas-roosad-kivid","status":"publish","type":"product","link":"https:\/\/blissilusalong.ee\/en\/toode\/nabaneet-liblikas-roosad-kivid\/","title":{"rendered":"Nabaneet liblikas roosad kivid"},"content":{"rendered":"<h3>Nabaneet liblikas roosad kivid<\/h3>\n<p>Kirurgilisest terasest roosade tsirkoonkividega nabaneet. Liblika ja tsirkoonidega h\u00f5bedane nabaneet. Ripats on s\u00e4rav ja \u00f5rn.<\/p>\n<p>Nabaneedi pulga laius 1,6mm pikkus 10 mm<\/p>\n","protected":false},"excerpt":{"rendered":"<p>Kirurgilisest terasest h\u00f5bedane nabaneet. Tsirkoonidega&nbsp; kaetud ripats liblikaga<\/p>\n","protected":false},"featured_media":526842,"comment_status":"closed","ping_status":"closed","template":"","meta":{"_acf_changed":false,"om_disable_all_campaigns":false,"_monsterinsights_skip_tracking":false,"_monsterinsights_sitenote_active":false,"_monsterinsights_sitenote_note":"","_monsterinsights_sitenote_category":0,"ngg_post_thumbnail":0},"product_brand":[],"product_cat":[549],"product_tag":[550,551,552,553,554,555],"class_list":{"0":"post-526839","1":"product","2":"type-product","3":"status-publish","4":"has-post-thumbnail","6":"product_cat-nabaneedid","7":"product_tag-allergiavaba","8":"product_tag-liblikas","9":"product_tag-nabaehted","10":"product_tag-nabaneet","11":"product_tag-nabarongad","12":"product_tag-ripats","14":"first","15":"instock","16":"taxable","17":"shipping-taxable","18":"purchasable","19":"product-type-simple"},"acf":[],"aioseo_notices":[],"_links":{"self":[{"href":"https:\/\/blissilusalong.ee\/en\/wp-json\/wp\/v2\/product\/526839","targetHints":{"allow":["GET"]}}],"collection":[{"href":"https:\/\/blissilusalong.ee\/en\/wp-json\/wp\/v2\/product"}],"about":[{"href":"https:\/\/blissilusalong.ee\/en\/wp-json\/wp\/v2\/types\/product"}],"replies":[{"embeddable":true,"href":"https:\/\/blissilusalong.ee\/en\/wp-json\/wp\/v2\/comments?post=526839"}],"version-history":[{"count":1,"href":"https:\/\/blissilusalong.ee\/en\/wp-json\/wp\/v2\/product\/526839\/revisions"}],"predecessor-version":[{"id":526844,"href":"https:\/\/blissilusalong.ee\/en\/wp-json\/wp\/v2\/product\/526839\/revisions\/526844"}],"wp:featuredmedia":[{"embeddable":true,"href":"https:\/\/blissilusalong.ee\/en\/wp-json\/wp\/v2\/media\/526842"}],"wp:attachment":[{"href":"https:\/\/blissilusalong.ee\/en\/wp-json\/wp\/v2\/media?parent=526839"}],"wp:term":[{"taxonomy":"product_brand","embeddable":true,"href":"https:\/\/blissilusalong.ee\/en\/wp-json\/wp\/v2\/product_brand?post=526839"},{"taxonomy":"product_cat","embeddable":true,"href":"https:\/\/blissilusalong.ee\/en\/wp-json\/wp\/v2\/product_cat?post=526839"},{"taxonomy":"product_tag","embeddable":true,"href":"https:\/\/blissilusalong.ee\/en\/wp-json\/wp\/v2\/product_tag?post=526839"}],"curies":[{"name":"wp","href":"https:\/\/api.w.org\/{rel}","templated":true}]}}