{"id":6085,"date":"2015-05-14T07:27:33","date_gmt":"2015-05-14T07:27:33","guid":{"rendered":"https:\/\/blissilusalong.ee\/kinkekaart\/"},"modified":"2025-01-27T12:37:38","modified_gmt":"2025-01-27T12:37:38","slug":"kinkekaart","status":"publish","type":"page","link":"https:\/\/blissilusalong.ee\/fi\/kinkekaart\/","title":{"rendered":"KINKEKAART"},"content":{"rendered":"<h2><a href=\"https:\/\/blissilusalong.ee\/wp-content\/uploads\/2023\/12\/Bliss-kinkekaart-2023.png\"><img fetchpriority=\"high\" decoding=\"async\" src=\"https:\/\/blissilusalong.ee\/wp-content\/uploads\/2023\/12\/Bliss-kinkekaart-2023-1024x576.png\" alt=\"\" width=\"353\" height=\"199\"><\/a>Ilusalongi kinkekaart on hea kingitus s\u00f5brale, kallimale, sugulasele, t\u00f6\u00f6kaaslasele, olgu j\u00f5ulud, s\u00fcnnip\u00e4ev v\u00f5i muu t\u00e4htp\u00e4ev.<\/h2>\n<p>\u2022 kinkekaardi v\u00e4\u00e4rtuseks v\u00f5ib olla nii summa kui ka Teie poolt valitud hooldus (n\u00e4iteks m\u00f5ni l\u00f5\u00f5gastav n\u00e4o- v\u00f5i kehahooldus, juuksuriteenus, k\u00e4tehooldus vm.)<br \/>\n\u2022 kinkekaardi omanik broneerib endale protseduurideks ise parima aja ja kingitud summa eest saab ta ise endale valida sobiva iluteenuse v\u00f5i toote meie salongist.<br \/>\n\u2022 kinkekaart kehtib 6 kuud<\/p>\n<h2>Palume kinkekaart kaasa v\u00f5tta oma k\u00fclastusele ja esitada salongis!<\/h2>\n<p><a href=\"https:\/\/blissilusalong.ee\/wp-content\/uploads\/2022\/10\/CAJA-TARJETA-REGALO-Y-AMPOLLAS.png\"><img decoding=\"async\" src=\"https:\/\/blissilusalong.ee\/wp-content\/uploads\/2022\/10\/CAJA-TARJETA-REGALO-Y-AMPOLLAS-1024x661.png\" alt=\"\" width=\"270\" height=\"174\"><\/a><\/p>\n<p>Saadaval ka Skeyndor kinkekarbiga kinkekaardid! Kinkekarp 4 iluampulliga lisa 4\u20ac<a href=\"https:\/\/blissilusalong.ee\/wp-content\/uploads\/2022\/10\/CAJA-TARJETA-REGALO-Y-AMPOLLAS.png\"><br \/>\n<\/a><\/p>\n<p><!-- Popular Services Start --><\/p>\n<section><img decoding=\"async\" src=\"https:\/\/blissilusalong.ee\/wp-content\/uploads\/2023\/12\/Bliss-kinkekaart-2023.png\" alt=\"image\"><br \/>\nKinkekaart<br \/>\nKinkekaart<\/p>\n<h2>Kinkekaart<\/h2>\n<\/section>\n<p><!-- Popular Services End --><\/p>\n<h2>Ilusalongi kinkekaart on hea kingitus s\u00f5brale, kallimale, sugulasele, t\u00f6\u00f6kaaslasele, olgu j\u00f5ulud, s\u00fcnnip\u00e4ev v\u00f5i muu t\u00e4htp\u00e4ev.<\/h2>\n<style>\/*! elementor - v3.21.0 - 30-04-2024 *\/<br \/>\n.elementor-widget-image{text-align:center}.elementor-widget-image a{display:inline-block}.elementor-widget-image a img[src$=\".svg\"]{width:48px}.elementor-widget-image img{vertical-align:middle;display:inline-block}<\/style>\n<p><img decoding=\"async\" src=\"https:\/\/blissilusalong.ee\/wp-content\/uploads\/2019\/02\/kinkekaart-1024x1024.jpeg\" sizes=\"(max-width: 900px) 100vw, 900px\" srcset=\"https:\/\/blissilusalong.ee\/wp-content\/uploads\/2019\/02\/kinkekaart-1024x1024.jpeg 1024w, https:\/\/blissilusalong.ee\/wp-content\/uploads\/2019\/02\/kinkekaart-100x100.jpeg 100w, https:\/\/blissilusalong.ee\/wp-content\/uploads\/2019\/02\/kinkekaart-1000x1000.jpeg 1000w, https:\/\/blissilusalong.ee\/wp-content\/uploads\/2019\/02\/kinkekaart-150x150.jpeg 150w, https:\/\/blissilusalong.ee\/wp-content\/uploads\/2019\/02\/kinkekaart-300x300.jpeg 300w, https:\/\/blissilusalong.ee\/wp-content\/uploads\/2019\/02\/kinkekaart-768x768.jpeg 768w, https:\/\/blissilusalong.ee\/wp-content\/uploads\/2019\/02\/kinkekaart.jpeg 1200w\" alt=\"\" width=\"900\" height=\"900\"><\/p>\n<p>\u2022 kinkekaardi v\u00e4\u00e4rtuseks v\u00f5ib olla nii summa kui ka Teie poolt valitud hooldus (n\u00e4iteks m\u00f5ni l\u00f5\u00f5gastav n\u00e4o- v\u00f5i kehahooldus, juuksuriteenus, k\u00e4tehooldus vm.)<br \/>\n\u2022 kinkekaardi omanik broneerib endale protseduurideks ise parima aja ja kingitud summa eest saab ta ise endale valida sobiva iluteenuse v\u00f5i toote meie salongist.<br \/>\n\u2022 kinkekaart kehtib 6 kuud<\/p>\n","protected":false},"excerpt":{"rendered":"<p>Ilusalongi kinkekaart on hea kingitus s\u00f5brale, kallimale, sugulasele, t\u00f6\u00f6kaaslasele, olgu&#8230; <br \/><a href=\"https:\/\/blissilusalong.ee\/fi\/kinkekaart\/\" class=\"theme-btn style-seven\">Oppi lis\u00e4\u00e4<i class=\"fas fa-long-arrow-alt-right\"><\/i><\/a><\/p>\n","protected":false},"author":1,"featured_media":0,"parent":0,"menu_order":0,"comment_status":"closed","ping_status":"open","template":"","meta":{"_acf_changed":false,"om_disable_all_campaigns":false,"_monsterinsights_skip_tracking":false,"_monsterinsights_sitenote_active":false,"_monsterinsights_sitenote_note":"","_monsterinsights_sitenote_category":0,"ngg_post_thumbnail":0,"footnotes":""},"class_list":["post-6085","page","type-page","status-publish","hentry"],"acf":[],"aioseo_notices":[],"_links":{"self":[{"href":"https:\/\/blissilusalong.ee\/fi\/wp-json\/wp\/v2\/pages\/6085","targetHints":{"allow":["GET"]}}],"collection":[{"href":"https:\/\/blissilusalong.ee\/fi\/wp-json\/wp\/v2\/pages"}],"about":[{"href":"https:\/\/blissilusalong.ee\/fi\/wp-json\/wp\/v2\/types\/page"}],"author":[{"embeddable":true,"href":"https:\/\/blissilusalong.ee\/fi\/wp-json\/wp\/v2\/users\/1"}],"replies":[{"embeddable":true,"href":"https:\/\/blissilusalong.ee\/fi\/wp-json\/wp\/v2\/comments?post=6085"}],"version-history":[{"count":5,"href":"https:\/\/blissilusalong.ee\/fi\/wp-json\/wp\/v2\/pages\/6085\/revisions"}],"predecessor-version":[{"id":6403,"href":"https:\/\/blissilusalong.ee\/fi\/wp-json\/wp\/v2\/pages\/6085\/revisions\/6403"}],"wp:attachment":[{"href":"https:\/\/blissilusalong.ee\/fi\/wp-json\/wp\/v2\/media?parent=6085"}],"curies":[{"name":"wp","href":"https:\/\/api.w.org\/{rel}","templated":true}]}}