{"id":6258,"date":"2022-06-23T13:42:42","date_gmt":"2022-06-23T13:42:42","guid":{"rendered":"https:\/\/blissilusalong.ee\/kosmeetikud\/"},"modified":"2026-02-04T18:49:18","modified_gmt":"2026-02-04T16:49:18","slug":"kosmetologit","status":"publish","type":"page","link":"https:\/\/blissilusalong.ee\/fi\/kosmetologit\/","title":{"rendered":"Kosmetologit"},"content":{"rendered":"\t\t<div data-elementor-type=\"wp-page\" data-elementor-id=\"6258\" class=\"elementor elementor-6258 elementor-4317\" data-elementor-post-type=\"page\">\n\t\t\t\t\t\t<section class=\"elementor-section elementor-top-section elementor-element elementor-element-22ae795 elementor-section-full_width elementor-section-height-default elementor-section-height-default\" data-id=\"22ae795\" data-element_type=\"section\" data-e-type=\"section\">\n\t\t\t\t\t\t<div class=\"elementor-container elementor-column-gap-no\">\n\t\t\t\t\t<div class=\"elementor-column elementor-col-100 elementor-top-column elementor-element elementor-element-3e44bd5\" data-id=\"3e44bd5\" data-element_type=\"column\" data-e-type=\"column\">\n\t\t\t<div class=\"elementor-widget-wrap\">\n\t\t\t\t\t\t\t<\/div>\n\t\t<\/div>\n\t\t\t\t\t<\/div>\n\t\t<\/section>\n\t\t\t\t<section class=\"elementor-section elementor-top-section elementor-element elementor-element-9bdb61f elementor-section-full_width elementor-section-height-default elementor-section-height-default\" data-id=\"9bdb61f\" data-element_type=\"section\" data-e-type=\"section\">\n\t\t\t\t\t\t<div class=\"elementor-container elementor-column-gap-no\">\n\t\t\t\t\t<div class=\"elementor-column elementor-col-100 elementor-top-column elementor-element elementor-element-661fbcd\" data-id=\"661fbcd\" data-element_type=\"column\" data-e-type=\"column\">\n\t\t\t<div class=\"elementor-widget-wrap elementor-element-populated\">\n\t\t\t\t\t\t<div class=\"elementor-element elementor-element-25090e7 elementor-widget elementor-widget-lesya-intro-section\" data-id=\"25090e7\" data-element_type=\"widget\" data-e-type=\"widget\" data-widget_type=\"lesya-intro-section.default\">\n\t\t\t\t<div class=\"elementor-widget-container\">\n\t\t\t\t\t\n      <!-- Page Banner Start -->\n      <section class=\"page-banner text-white py-165 rpy-130\" style=\"background-image: url(https:\/\/blissilusalong.ee\/wp-content\/uploads\/2023\/08\/white-silk-background.jpeg);\">\n      \t<div class=\"container\">\n      \t\t<div class=\"banner-inner\">\n                        <span class=\"bg-text\">\n              <span >Blissitarid<\/span>\n            <\/span>\n                                    <h1 class=\"page-title wow fadeInUp delay-0-2s\">\n              <span >Kosmetologit<\/span>\n            <\/h1>\n                        <ol class=\"breadcrumb wow fadeInUp delay-0-4s\"><li class=\"breadcrumb-item\"><a href=\"https:\/\/blissilusalong.ee\/fi\/\" title=\"Bliss ilusalong\">Home<\/a><\/li><li class=\"breadcrumb-item\"><span><\/span><\/li><\/ol>      \t\t<\/div>\n      \t<\/div>\n      <\/section>\n      <!-- Page Banner End -->\n\n      \t\t\t\t<\/div>\n\t\t\t\t<\/div>\n\t\t\t\t<div class=\"elementor-element elementor-element-9280ae6 elementor-widget elementor-widget-lesya-skills\" data-id=\"9280ae6\" data-element_type=\"widget\" data-e-type=\"widget\" data-widget_type=\"lesya-skills.default\">\n\t\t\t\t<div class=\"elementor-widget-container\">\n\t\t\t\t\t\n    <!-- Team Section Start -->\n    <section class=\"team-section rel z-1 py-150 rpy-100\">\n        <div class=\"container\">\n            <div class=\"row align-items-center\">\n                <div class=\"col-lg-6\">\n                                        <div class=\"team-left rmb-55 wow fadeInLeft delay-0-2s\">\n                        <img decoding=\"async\" src=\"https:\/\/blissilusalong.ee\/wp-content\/uploads\/2023\/09\/led-maskiga-900x1200.jpg\" alt=\"Kosmetologit\" \/>\n                    <\/div>\n                                    <\/div>\n                <div class=\"col-lg-6\">\n                    <div class=\"team-section-content wow fadeInRight delay-0-2s\">\n                        \t\t\t\t\t\t\t\t\t\t\t\t<div class=\"section-title mb-30\">\n                                                        <span class=\"bg-text\">\n                              <span >\n            \t\t\t\t\t\t\t\t\t\tKosmetologit            \t\t\t\t\t\t\t\t\t<\/span>\n                            <\/span>\n                                                                                    <span class=\"sub-title\">\n                              <span >\n            \t\t\t\t\t\t\t\t\t\tMeid\u00e4n kosmetologit            \t\t\t\t\t\t\t\t\t<\/span>\n                            <\/span>\n                                                                                    <h2>\n                              <span >\n            \t\t\t\t\t\t\t\t\t\tBliss kauneussalonki \nYli 28 vuoden kokemus kauneusmaailmasta            \t\t\t\t\t\t\t\t\t<\/span>\n                            <\/h2>\n                                                    <\/div>\n\t\t\t\t\t\t\t\t\t\t\t\t                                \t\t\t\t\t\t\t\t<div class=\"description\">\n        \t\t\t\t\t\t\t\t\t<div >\n        \t\t\t\t\t\t\t\t\t\t<p><span style=\"vertical-align: inherit\"><span style=\"vertical-align: inherit\">Bliss - autuuden ja mielenrauhan tunne.<\/span><\/span><\/p><p><span style=\"vertical-align: inherit\"><span style=\"vertical-align: inherit\">Viihtyis\u00e4 salonkimme kaupungin syd\u00e4mess\u00e4 toivottaa asiakkaat aina l\u00e4mpim\u00e4sti tervetulleiksi irtautumaan arjen kiireist\u00e4. <\/span><span style=\"vertical-align: inherit\">Salonkimme kosmetologit tarjoavat tehokkaita ja rentouttavia kasvohoitoja, k\u00e4sihoitoja aina trendikk\u00e4iss\u00e4 geelilakkauss\u00e4vyiss\u00e4, jalkahoidot, joissa voit nauttia rentouttavasta palvelusta kumppanisi kanssa kaksoispedikyyripaikallamme, ripsienpidennykset ja Lash Lift -palvelu, vahauspalvelut 100:lla % vegaanituotteet, korva- ja napal\u00e4vistyspalvelu.\u00a0<\/span><\/span><\/p><p><span style=\"vertical-align: inherit\"><span style=\"vertical-align: inherit\">Kosmetologi kouluttaa itse\u00e4\u00e4n jatkuvasti pysy\u00e4kseen kauneusmaailman nopeasti muuttuvien trendien mukana.<\/span><\/span><\/p><p><span style=\"vertical-align: inherit\"><span style=\"vertical-align: inherit\">Saat aina relevanttia ja oikeaa tietoa kauneustuotteista salongistamme.<\/span><\/span><\/p>        \t\t\t\t\t\t\t\t\t<\/div>\n        \t\t\t\t\t\t\t\t<\/div>\n        \t\t\t\t\t\t\t\t                                            <\/div>\n                <\/div>\n            <\/div>\n        <\/div>\n    <\/section>\n    <!-- Team Section End -->\n\n\t\t\t\t\t\t<\/div>\n\t\t\t\t<\/div>\n\t\t\t\t<div class=\"elementor-element elementor-element-784e5ee elementor-invisible elementor-widget elementor-widget-lesya-clients\" data-id=\"784e5ee\" data-element_type=\"widget\" data-e-type=\"widget\" data-settings=\"{&quot;_animation&quot;:&quot;fadeInLeft&quot;}\" data-widget_type=\"lesya-clients.default\">\n\t\t\t\t<div class=\"elementor-widget-container\">\n\t\t\t\t\t\n\t\t<!-- Client Logo Section Start -->\n\t\t<div class=\"client-logos text-center pt-80 pb-70\">\n      <div class=\"container\">\n\t\t              <div class=\"client-logo-wrap\">\n                          \t\t\t\t\t\t\t\t<div>\n\t\t\t\t\t\t\t\t\t\t                  <img decoding=\"async\" src=\"https:\/\/blissilusalong.ee\/wp-content\/uploads\/2023\/08\/victoria_vynn_logo.png.png\" alt=\"items.0.title\" \/>\n\t\t\t\t\t\t\t\t\t\t\t\t\t\t\t\t\t<\/div>\n                  \t\t\t\t              \t\t\t\t\t\t\t\t<div>\n\t\t\t\t\t\t\t\t\t\t                  <img decoding=\"async\" src=\"https:\/\/blissilusalong.ee\/wp-content\/uploads\/2023\/08\/MCCM-logo.png\" alt=\"items.1.title\" \/>\n\t\t\t\t\t\t\t\t\t\t\t\t\t\t\t\t\t<\/div>\n                  \t\t\t\t              \t\t\t\t\t\t\t\t<div>\n\t\t\t\t\t\t\t\t\t\t                  <img decoding=\"async\" src=\"https:\/\/blissilusalong.ee\/wp-content\/uploads\/2023\/07\/Alessandro_International_logo.png\" alt=\"items.2.title\" \/>\n\t\t\t\t\t\t\t\t\t\t\t\t\t\t\t\t\t<\/div>\n                  \t\t\t\t              \t\t\t\t\t\t\t\t<div>\n\t\t\t\t\t\t\t\t\t\t                  <img decoding=\"async\" src=\"https:\/\/blissilusalong.ee\/wp-content\/uploads\/2021\/05\/SKEYNDOR-LOGO.jpg\" alt=\"items.3.title\" \/>\n\t\t\t\t\t\t\t\t\t\t\t\t\t\t\t\t\t<\/div>\n                  \t\t\t\t              \t\t\t\t\t\t\t\t<div>\n\t\t\t\t\t\t\t\t\t\t                  <img decoding=\"async\" src=\"https:\/\/blissilusalong.ee\/wp-content\/uploads\/2015\/04\/cliniccare.jpg\" alt=\"items.4.title\" \/>\n\t\t\t\t\t\t\t\t\t\t\t\t\t\t\t\t\t<\/div>\n                  \t\t\t\t              \t\t\t\t\t\t\t\t<div>\n\t\t\t\t\t\t\t\t\t\t                  <img decoding=\"async\" src=\"https:\/\/blissilusalong.ee\/wp-content\/uploads\/2015\/05\/logo.png\" alt=\"items.5.title\" \/>\n\t\t\t\t\t\t\t\t\t\t\t\t\t\t\t\t\t<\/div>\n                  \t\t\t\t          <\/div>\n\t\t\t\t      <\/div>\n\t\t<\/section>\n\t\t<!-- Client Logo Section End -->\n\n\t\t\t\t\t\t<\/div>\n\t\t\t\t<\/div>\n\t\t\t\t\t<\/div>\n\t\t<\/div>\n\t\t\t\t\t<\/div>\n\t\t<\/section>\n\t\t<div class=\"elementor-element elementor-element-703f463 e-flex e-con-boxed e-con e-parent\" data-id=\"703f463\" data-element_type=\"container\" data-e-type=\"container\">\n\t\t\t\t\t<div class=\"e-con-inner\">\n\t\t\t\t<div class=\"elementor-element elementor-element-221b621 elementor-widget elementor-widget-lesya-team\" data-id=\"221b621\" data-element_type=\"widget\" data-e-type=\"widget\" data-widget_type=\"lesya-team.default\">\n\t\t\t\t<div class=\"elementor-widget-container\">\n\t\t\t\t\t\n    <!-- Team Section Start -->\n    <section class=\"team-section text-center pt-140 rpt-90 pb-90 rpb-40\">\n        <div class=\"container\">\n\n                        <div class=\"row justify-content-center\">\n                <div class=\"col-xl-6 col-lg-7 col-md-9 col-sm-11\">\n                    <div class=\"section-title mb-65\">\n                                                <span class=\"bg-text\">\n                          <span >\n                            Blissitarid                          <\/span>\n                        <\/span>\n                                                                        <span class=\"sub-title\">\n                          <span >\n                            Bliss kauneushoitolan kosmetologit                          <\/span>\n                        <\/span>\n                                                                        <h2>\n                          <span >\n                            Blissitarid                          <\/span>\n                        <\/h2>\n                                            <\/div>\n                <\/div>\n            <\/div>\n            \n                        <div class=\"row justify-content-center\">\n                            <div class=\"col-lg-4 col-sm-6\">\n                <div class=\"team-member wow fadeInUp delay-0-2s\">\n                                    <img decoding=\"async\" src=\"https:\/\/blissilusalong.ee\/wp-content\/uploads\/2017\/07\/Katrin.jpg\" alt=\"Katrin Laak\" \/>\n                                                      <div class=\"member-description\">\n                                        <h5>\n                      <span >\n                        Katrin Laak                      <\/span>\n                    <\/h5>\n                                                            <span class=\"designations\">\n                      <span >\n                        Salongin omistaja\/johtaja Kosmetologi\/sairaanhoitaja                      <\/span>\n                    <\/span>\n                                                          <\/div>\n                                  <\/div>\n              <\/div>\n                            <div class=\"col-lg-4 col-sm-6\">\n                <div class=\"team-member wow fadeInUp delay-0-2s\">\n                                    <img decoding=\"async\" src=\"https:\/\/blissilusalong.ee\/wp-content\/uploads\/2023\/09\/MAris-uus.png\" alt=\"Maris Punga\" \/>\n                                                      <div class=\"member-description\">\n                                        <h5>\n                      <span >\n                        Maris Punga                      <\/span>\n                    <\/h5>\n                                                            <span class=\"designations\">\n                      <span >\n                        Kosmetologi                      <\/span>\n                    <\/span>\n                                                          <\/div>\n                                  <\/div>\n              <\/div>\n                            <div class=\"col-lg-4 col-sm-6\">\n                <div class=\"team-member wow fadeInUp delay-0-2s\">\n                                    <img decoding=\"async\" src=\"https:\/\/blissilusalong.ee\/wp-content\/uploads\/2023\/01\/Annika-2023.png\" alt=\"Annika Kuzin\" \/>\n                                                      <div class=\"member-description\">\n                                        <h5>\n                      <span >\n                        Annika Kuzin                      <\/span>\n                    <\/h5>\n                                                            <span class=\"designations\">\n                      <span >\n                        Kosmetologi                      <\/span>\n                    <\/span>\n                                                          <\/div>\n                                  <\/div>\n              <\/div>\n                            <div class=\"col-lg-4 col-sm-6\">\n                <div class=\"team-member wow fadeInUp delay-0-2s\">\n                                    <img decoding=\"async\" src=\"https:\/\/blissilusalong.ee\/wp-content\/uploads\/2023\/01\/Laura.png\" alt=\"Laura Looga\" \/>\n                                                      <div class=\"member-description\">\n                                        <h5>\n                      <span >\n                        Laura Looga                      <\/span>\n                    <\/h5>\n                                                            <span class=\"designations\">\n                      <span >\n                        Kosmetologi                      <\/span>\n                    <\/span>\n                                                          <\/div>\n                                  <\/div>\n              <\/div>\n                            <div class=\"col-lg-4 col-sm-6\">\n                <div class=\"team-member wow fadeInUp delay-0-2s\">\n                                    <img decoding=\"async\" src=\"https:\/\/blissilusalong.ee\/wp-content\/uploads\/2025\/01\/Krislin-kodukale.png\" alt=\"Krislin Murumaa\" \/>\n                                                      <div class=\"member-description\">\n                                        <h5>\n                      <span >\n                        Krislin Murumaa                      <\/span>\n                    <\/h5>\n                                                            <span class=\"designations\">\n                      <span >\n                        Kosmetologi                      <\/span>\n                    <\/span>\n                                                          <\/div>\n                                  <\/div>\n              <\/div>\n                            <div class=\"col-lg-4 col-sm-6\">\n                <div class=\"team-member wow fadeInUp delay-0-2s\">\n                                    <img decoding=\"async\" src=\"https:\/\/blissilusalong.ee\/wp-content\/uploads\/2025\/11\/Untitled-design-5.webp\" alt=\"Vanessa Kask\" \/>\n                                                      <div class=\"member-description\">\n                                        <h5>\n                      <span >\n                        Vanessa Kask                      <\/span>\n                    <\/h5>\n                                                            <span class=\"designations\">\n                      <span >\n                        Opiskelija                      <\/span>\n                    <\/span>\n                                                          <\/div>\n                                  <\/div>\n              <\/div>\n                          <\/div>\n            \n        <\/div>\n    <\/section>\n    <!-- Team Section End -->\n\n\t\t\t\t\t\t<\/div>\n\t\t\t\t<\/div>\n\t\t\t\t\t<\/div>\n\t\t\t\t<\/div>\n\t\t\t\t<\/div>\n\t\t","protected":false},"excerpt":{"rendered":"<p>Blissitarid Kosmetologit Home Kosmetologit Meid\u00e4n kosmetologit Bliss kauneussalonki Yli 28&#8230; <br \/><a href=\"https:\/\/blissilusalong.ee\/fi\/kosmetologit\/\" class=\"theme-btn style-seven\">Oppi lis\u00e4\u00e4<i class=\"fas fa-long-arrow-alt-right\"><\/i><\/a><\/p>\n","protected":false},"author":1,"featured_media":0,"parent":0,"menu_order":0,"comment_status":"closed","ping_status":"closed","template":"template-layout-builder.php","meta":{"_acf_changed":false,"om_disable_all_campaigns":false,"_monsterinsights_skip_tracking":false,"_monsterinsights_sitenote_active":false,"_monsterinsights_sitenote_note":"","_monsterinsights_sitenote_category":0,"ngg_post_thumbnail":0,"footnotes":""},"class_list":["post-6258","page","type-page","status-publish","hentry"],"acf":[],"aioseo_notices":[],"_links":{"self":[{"href":"https:\/\/blissilusalong.ee\/fi\/wp-json\/wp\/v2\/pages\/6258","targetHints":{"allow":["GET"]}}],"collection":[{"href":"https:\/\/blissilusalong.ee\/fi\/wp-json\/wp\/v2\/pages"}],"about":[{"href":"https:\/\/blissilusalong.ee\/fi\/wp-json\/wp\/v2\/types\/page"}],"author":[{"embeddable":true,"href":"https:\/\/blissilusalong.ee\/fi\/wp-json\/wp\/v2\/users\/1"}],"replies":[{"embeddable":true,"href":"https:\/\/blissilusalong.ee\/fi\/wp-json\/wp\/v2\/comments?post=6258"}],"version-history":[{"count":5,"href":"https:\/\/blissilusalong.ee\/fi\/wp-json\/wp\/v2\/pages\/6258\/revisions"}],"predecessor-version":[{"id":526608,"href":"https:\/\/blissilusalong.ee\/fi\/wp-json\/wp\/v2\/pages\/6258\/revisions\/526608"}],"wp:attachment":[{"href":"https:\/\/blissilusalong.ee\/fi\/wp-json\/wp\/v2\/media?parent=6258"}],"curies":[{"name":"wp","href":"https:\/\/api.w.org\/{rel}","templated":true}]}}