{"id":525889,"date":"2025-10-25T04:06:58","date_gmt":"2025-10-25T02:06:58","guid":{"rendered":"https:\/\/blissilusalong.ee\/toode\/nabaneet-kaksi-valkoista-kuutiometria-zirkoniaa\/"},"modified":"2025-10-25T04:06:58","modified_gmt":"2025-10-25T02:06:58","slug":"nabaneet-kaksi-valkoista-kuutiometria-zirkoniaa","status":"publish","type":"product","link":"https:\/\/blissilusalong.ee\/fi\/toode\/nabaneet-kaksi-valkoista-kuutiometria-zirkoniaa\/","title":{"rendered":"Nabaneet kaksi valkoista kuutiometri\u00e4 zirkoniaa"},"content":{"rendered":"<p>Kirurgisesta ter\u00e4ksest\u00e4 valmistettu nabaneed, jossa on valkoista zirkoniaa.<\/p>\n<p>Nabaneed-tikku leveys 1,6mm pituus 10 mm.<\/p>\n","protected":false},"excerpt":{"rendered":"<p>Valmistettu kirurgisesta ter\u00e4ksest\u00e4, jossa on kaksi valkoista zirkonia nastaa. Soveltuu ensiasennukseen.<\/p>\n","protected":false},"featured_media":524993,"comment_status":"closed","ping_status":"closed","template":"","meta":{"_acf_changed":false,"om_disable_all_campaigns":false,"_monsterinsights_skip_tracking":false,"_monsterinsights_sitenote_active":false,"_monsterinsights_sitenote_note":"","_monsterinsights_sitenote_category":0,"ngg_post_thumbnail":0},"product_brand":[],"product_cat":[548],"product_tag":[559,561,562,563],"class_list":{"0":"post-525889","1":"product","2":"type-product","3":"status-publish","4":"has-post-thumbnail","6":"product_cat-nabakorut","7":"product_tag-allergiavaba","8":"product_tag-nabaehted","9":"product_tag-nabaneet","10":"product_tag-nabarongad","12":"first","13":"instock","14":"taxable","15":"shipping-taxable","16":"product-type-simple"},"acf":[],"aioseo_notices":[],"_links":{"self":[{"href":"https:\/\/blissilusalong.ee\/fi\/wp-json\/wp\/v2\/product\/525889","targetHints":{"allow":["GET"]}}],"collection":[{"href":"https:\/\/blissilusalong.ee\/fi\/wp-json\/wp\/v2\/product"}],"about":[{"href":"https:\/\/blissilusalong.ee\/fi\/wp-json\/wp\/v2\/types\/product"}],"replies":[{"embeddable":true,"href":"https:\/\/blissilusalong.ee\/fi\/wp-json\/wp\/v2\/comments?post=525889"}],"version-history":[{"count":0,"href":"https:\/\/blissilusalong.ee\/fi\/wp-json\/wp\/v2\/product\/525889\/revisions"}],"wp:featuredmedia":[{"embeddable":true,"href":"https:\/\/blissilusalong.ee\/fi\/wp-json\/wp\/v2\/media\/524993"}],"wp:attachment":[{"href":"https:\/\/blissilusalong.ee\/fi\/wp-json\/wp\/v2\/media?parent=525889"}],"wp:term":[{"taxonomy":"product_brand","embeddable":true,"href":"https:\/\/blissilusalong.ee\/fi\/wp-json\/wp\/v2\/product_brand?post=525889"},{"taxonomy":"product_cat","embeddable":true,"href":"https:\/\/blissilusalong.ee\/fi\/wp-json\/wp\/v2\/product_cat?post=525889"},{"taxonomy":"product_tag","embeddable":true,"href":"https:\/\/blissilusalong.ee\/fi\/wp-json\/wp\/v2\/product_tag?post=525889"}],"curies":[{"name":"wp","href":"https:\/\/api.w.org\/{rel}","templated":true}]}}