{"id":526797,"date":"2026-01-26T16:16:09","date_gmt":"2026-01-26T14:16:09","guid":{"rendered":"https:\/\/blissilusalong.ee\/toode\/nabaneet-hobedane-liblikas-kivid\/"},"modified":"2026-02-12T11:30:06","modified_gmt":"2026-02-12T09:30:06","slug":"napakoru-hobeiset-perhoskivet","status":"publish","type":"product","link":"https:\/\/blissilusalong.ee\/fi\/toode\/napakoru-hobeiset-perhoskivet\/","title":{"rendered":"Napakoru hopeiset perhoskivet"},"content":{"rendered":"<h2>Napakoru hopeiset perhoskivet<\/h2>\n<p id=\"tw-target-text\" class=\"tw-data-text tw-text-large tw-ta\" dir=\"ltr\" tabindex=\"-1\" role=\"text\" data-placeholder=\"Translation\" data-ved=\"2ahUKEwioiN-Uy9OSAxWtUlUIHSauJCwQ3ewLegQIDBAW\" aria-label=\"Translated text: Kirurginter\u00e4ksinen naparengas valkoisilla zirkonikivill\u00e4. Hopeinen naparengas perhosella ja zirkoneilla. Riipus on kirkas ja herkk\u00e4.\n\nNaparengaspalkin leveys 1,6 mm, pituus 10 mm\"><span class=\"Y2IQFc\" lang=\"fi\">Kirurginter\u00e4ksinen napakoru valkoisilla zirkonikivill\u00e4. Hopeinen naparengas perhosella ja zirkoneilla. Riipus on kirkas ja herkk\u00e4.<\/span><\/p>\n<p class=\"tw-data-text tw-text-large tw-ta\" dir=\"ltr\" tabindex=\"-1\" role=\"text\" data-placeholder=\"Translation\" data-ved=\"2ahUKEwioiN-Uy9OSAxWtUlUIHSauJCwQ3ewLegQIDBAW\" aria-label=\"Translated text: Kirurginter\u00e4ksinen naparengas valkoisilla zirkonikivill\u00e4. Hopeinen naparengas perhosella ja zirkoneilla. Riipus on kirkas ja herkk\u00e4.\n\nNaparengaspalkin leveys 1,6 mm, pituus 10 mm\"><span class=\"Y2IQFc\" lang=\"fi\">Napakorut ovat malliltaan kaarevia banaanikoruja (curved), jotka asettuvat napal\u00e4vistykseen muotonsa vuoksi luonnollisesti. Valikoimastamme l\u00f6yd\u00e4t napakorut useassa eri v\u00e4riss\u00e4, roikkuvat ja ei-roikkuvat,&nbsp;<\/span><\/p>\n<p class=\"tw-data-text tw-text-large tw-ta\" dir=\"ltr\" tabindex=\"-1\" role=\"text\" data-placeholder=\"Translation\" data-ved=\"2ahUKEwioiN-Uy9OSAxWtUlUIHSauJCwQ3ewLegQIDBAW\" aria-label=\"Translated text: Kirurginter\u00e4ksinen naparengas valkoisilla zirkonikivill\u00e4. Hopeinen naparengas perhosella ja zirkoneilla. Riipus on kirkas ja herkk\u00e4.\n\nNaparengaspalkin leveys 1,6 mm, pituus 10 mm\"><span class=\"Y2IQFc\" lang=\"fi\">Naparengaspalkin leveys 1,6 mm, pituus 10 mm<\/span><\/p>\n","protected":false},"excerpt":{"rendered":"<p id=\"tw-target-text\" class=\"tw-data-text tw-text-large tw-ta\" dir=\"ltr\" tabindex=\"-1\" role=\"text\" data-placeholder=\"Translation\" data-ved=\"2ahUKEwioiN-Uy9OSAxWtUlUIHSauJCwQ3ewLegQIDBAW\" aria-label=\"Translated text: Kirurginter\u00e4ksest\u00e4 valmistettu hopeinen naparengas. Perhosriipus zirkoneilla.\"><span class=\"Y2IQFc\" lang=\"fi\">Kirurginter\u00e4ksest\u00e4 valmistettu hopeinen naparengas. Perhosriipus zirkoneilla.<\/span><\/p>\n","protected":false},"featured_media":526528,"comment_status":"closed","ping_status":"closed","template":"","meta":{"_acf_changed":false,"om_disable_all_campaigns":false,"_monsterinsights_skip_tracking":false,"_monsterinsights_sitenote_active":false,"_monsterinsights_sitenote_note":"","_monsterinsights_sitenote_category":0,"ngg_post_thumbnail":0},"product_brand":[],"product_cat":[548],"product_tag":[559,560,561,562,563,564],"class_list":{"0":"post-526797","1":"product","2":"type-product","3":"status-publish","4":"has-post-thumbnail","6":"product_cat-nabakorut","7":"product_tag-allergiavaba","8":"product_tag-liblikas","9":"product_tag-nabaehted","10":"product_tag-nabaneet","11":"product_tag-nabarongad","12":"product_tag-ripats","14":"first","15":"instock","16":"taxable","17":"shipping-taxable","18":"purchasable","19":"product-type-simple"},"acf":[],"aioseo_notices":[],"_links":{"self":[{"href":"https:\/\/blissilusalong.ee\/fi\/wp-json\/wp\/v2\/product\/526797","targetHints":{"allow":["GET"]}}],"collection":[{"href":"https:\/\/blissilusalong.ee\/fi\/wp-json\/wp\/v2\/product"}],"about":[{"href":"https:\/\/blissilusalong.ee\/fi\/wp-json\/wp\/v2\/types\/product"}],"replies":[{"embeddable":true,"href":"https:\/\/blissilusalong.ee\/fi\/wp-json\/wp\/v2\/comments?post=526797"}],"version-history":[{"count":2,"href":"https:\/\/blissilusalong.ee\/fi\/wp-json\/wp\/v2\/product\/526797\/revisions"}],"predecessor-version":[{"id":526816,"href":"https:\/\/blissilusalong.ee\/fi\/wp-json\/wp\/v2\/product\/526797\/revisions\/526816"}],"wp:featuredmedia":[{"embeddable":true,"href":"https:\/\/blissilusalong.ee\/fi\/wp-json\/wp\/v2\/media\/526528"}],"wp:attachment":[{"href":"https:\/\/blissilusalong.ee\/fi\/wp-json\/wp\/v2\/media?parent=526797"}],"wp:term":[{"taxonomy":"product_brand","embeddable":true,"href":"https:\/\/blissilusalong.ee\/fi\/wp-json\/wp\/v2\/product_brand?post=526797"},{"taxonomy":"product_cat","embeddable":true,"href":"https:\/\/blissilusalong.ee\/fi\/wp-json\/wp\/v2\/product_cat?post=526797"},{"taxonomy":"product_tag","embeddable":true,"href":"https:\/\/blissilusalong.ee\/fi\/wp-json\/wp\/v2\/product_tag?post=526797"}],"curies":[{"name":"wp","href":"https:\/\/api.w.org\/{rel}","templated":true}]}}