{"id":526799,"date":"2026-01-26T16:10:55","date_gmt":"2026-01-26T14:10:55","guid":{"rendered":"https:\/\/blissilusalong.ee\/toode\/nabaneet-kuldne-liblikas-kivid\/"},"modified":"2026-02-12T11:38:37","modified_gmt":"2026-02-12T09:38:37","slug":"napakoru-ruusukulta-perhonen","status":"publish","type":"product","link":"https:\/\/blissilusalong.ee\/fi\/toode\/napakoru-ruusukulta-perhonen\/","title":{"rendered":"Napakoru ruusukulta riipus perhonen"},"content":{"rendered":"<h3>Napakoru ruusukulta riipus perhonen<\/h3>\n<p>Kirurginter\u00e4ksinen napakoru, jossa valkoisia zirkonikivi\u00e4. Perhosen muotoinen kullattu naparengas. Kirkas ja herkk\u00e4 zirkoniriipus. Naparenkaan leveys 1,6 mm, pituus 10 mm<\/p>\n<p>Napakorut ovat malliltaan kaarevia banaanikoruja (curved), jotka asettuvat napal\u00e4vistykseen muotonsa vuoksi luonnollisesti. Valikoimastamme l\u00f6yd\u00e4t napakorut useassa eri v\u00e4riss\u00e4, roikkuvat ja ei-roikkuvat,&nbsp;<\/p>\n","protected":false},"excerpt":{"rendered":"<p>Kullattu&nbsp; ruusukulta kirurginter\u00e4ksinen naparengas. Perhonenriipus zirkoneilla.<\/p>\n","protected":false},"featured_media":526522,"comment_status":"closed","ping_status":"closed","template":"","meta":{"_acf_changed":false,"om_disable_all_campaigns":false,"_monsterinsights_skip_tracking":false,"_monsterinsights_sitenote_active":false,"_monsterinsights_sitenote_note":"","_monsterinsights_sitenote_category":0,"ngg_post_thumbnail":0},"product_brand":[],"product_cat":[548],"product_tag":[559,568,569,560,561,562,563,564],"class_list":{"0":"post-526799","1":"product","2":"type-product","3":"status-publish","4":"has-post-thumbnail","6":"product_cat-nabakorut","7":"product_tag-allergiavaba","8":"product_tag-kuldne-nabaneet","9":"product_tag-kullatud","10":"product_tag-liblikas","11":"product_tag-nabaehted","12":"product_tag-nabaneet","13":"product_tag-nabarongad","14":"product_tag-ripats","16":"first","17":"instock","18":"taxable","19":"shipping-taxable","20":"purchasable","21":"product-type-simple"},"acf":[],"aioseo_notices":[],"_links":{"self":[{"href":"https:\/\/blissilusalong.ee\/fi\/wp-json\/wp\/v2\/product\/526799","targetHints":{"allow":["GET"]}}],"collection":[{"href":"https:\/\/blissilusalong.ee\/fi\/wp-json\/wp\/v2\/product"}],"about":[{"href":"https:\/\/blissilusalong.ee\/fi\/wp-json\/wp\/v2\/types\/product"}],"replies":[{"embeddable":true,"href":"https:\/\/blissilusalong.ee\/fi\/wp-json\/wp\/v2\/comments?post=526799"}],"version-history":[{"count":2,"href":"https:\/\/blissilusalong.ee\/fi\/wp-json\/wp\/v2\/product\/526799\/revisions"}],"predecessor-version":[{"id":526819,"href":"https:\/\/blissilusalong.ee\/fi\/wp-json\/wp\/v2\/product\/526799\/revisions\/526819"}],"wp:featuredmedia":[{"embeddable":true,"href":"https:\/\/blissilusalong.ee\/fi\/wp-json\/wp\/v2\/media\/526522"}],"wp:attachment":[{"href":"https:\/\/blissilusalong.ee\/fi\/wp-json\/wp\/v2\/media?parent=526799"}],"wp:term":[{"taxonomy":"product_brand","embeddable":true,"href":"https:\/\/blissilusalong.ee\/fi\/wp-json\/wp\/v2\/product_brand?post=526799"},{"taxonomy":"product_cat","embeddable":true,"href":"https:\/\/blissilusalong.ee\/fi\/wp-json\/wp\/v2\/product_cat?post=526799"},{"taxonomy":"product_tag","embeddable":true,"href":"https:\/\/blissilusalong.ee\/fi\/wp-json\/wp\/v2\/product_tag?post=526799"}],"curies":[{"name":"wp","href":"https:\/\/api.w.org\/{rel}","templated":true}]}}