{"id":526801,"date":"2026-01-26T15:29:22","date_gmt":"2026-01-26T13:29:22","guid":{"rendered":"https:\/\/blissilusalong.ee\/toode\/nabaneet-kuldne-ripats-sudamed\/"},"modified":"2026-02-12T11:51:20","modified_gmt":"2026-02-12T09:51:20","slug":"napakoru-kultainen-riipus-sydamet","status":"publish","type":"product","link":"https:\/\/blissilusalong.ee\/fi\/toode\/napakoru-kultainen-riipus-sydamet\/","title":{"rendered":"Napakoru kultainen riipus syd\u00e4met"},"content":{"rendered":"<h2>Napakoru kultainen riipus <span class=\"Y2IQFc\" lang=\"fi\">syd\u00e4met<\/span><\/h2>\n<p id=\"tw-target-text\" class=\"tw-data-text tw-text-large tw-ta\" dir=\"ltr\" tabindex=\"-1\" role=\"text\" data-placeholder=\"Translation\" data-ved=\"2ahUKEwjprtiC09OSAxVwIhAIHUP4JyMQ3ewLegQIBBAW\" aria-label=\"Translated text: Kirurginter\u00e4ksinen nappirengas, jossa valkoisia zirkonikivi\u00e4. Kullattu nappirengas syd\u00e4mill\u00e4. Zirkonien koristama riipus on kirkas ja herkk\u00e4.\"><span class=\"Y2IQFc\" lang=\"fi\">Kirurginter\u00e4ksinen napakoru, jossa valkoisia zirkonikivi\u00e4. Kullattu napakoru syd\u00e4mill\u00e4. Zirkonien koristama riipus on kirkas ja herkk\u00e4.<\/span><\/p>\n<p>Napakorut ovat malliltaan kaarevia banaanikoruja (curved), jotka asettuvat napal\u00e4vistykseen muotonsa vuoksi luonnollisesti. Valikoimastamme l\u00f6yd\u00e4t napakorut useassa eri v\u00e4riss\u00e4, roikkuvat ja ei-roikkuvat,&nbsp;<\/p>\n<p id=\"tw-target-text\" class=\"tw-data-text tw-text-large tw-ta\" dir=\"ltr\" tabindex=\"-1\" role=\"text\" data-placeholder=\"Translation\" data-ved=\"2ahUKEwjprtiC09OSAxVwIhAIHUP4JyMQ3ewLegQIBBAW\" aria-label=\"Translated text: Napahelmitikun leveys 1,6 mm pituus 10 mm\"><span class=\"Y2IQFc\" lang=\"fi\">Napakorun tapin leveys 1,6 mm pituus 10 mm<\/span><\/p>\n","protected":false},"excerpt":{"rendered":"<p><span class=\"Y2IQFc\" lang=\"fi\">Kirurginter\u00e4ksinen napakoru, jossa valkoisia zirkonikivi\u00e4. Kullattu napakoru syd\u00e4mill\u00e4. Zirkonien koristama riipus on kirkas ja herkk\u00e4.<\/span><\/p>\n","protected":false},"featured_media":526516,"comment_status":"closed","ping_status":"closed","template":"","meta":{"_acf_changed":false,"om_disable_all_campaigns":false,"_monsterinsights_skip_tracking":false,"_monsterinsights_sitenote_active":false,"_monsterinsights_sitenote_note":"","_monsterinsights_sitenote_category":0,"ngg_post_thumbnail":0},"product_brand":[],"product_cat":[548],"product_tag":[559,568,569,561,562,563,564,571],"class_list":{"0":"post-526801","1":"product","2":"type-product","3":"status-publish","4":"has-post-thumbnail","6":"product_cat-nabakorut","7":"product_tag-allergiavaba","8":"product_tag-kuldne-nabaneet","9":"product_tag-kullatud","10":"product_tag-nabaehted","11":"product_tag-nabaneet","12":"product_tag-nabarongad","13":"product_tag-ripats","14":"product_tag-suda","16":"first","17":"instock","18":"taxable","19":"shipping-taxable","20":"purchasable","21":"product-type-simple"},"acf":[],"aioseo_notices":[],"_links":{"self":[{"href":"https:\/\/blissilusalong.ee\/fi\/wp-json\/wp\/v2\/product\/526801","targetHints":{"allow":["GET"]}}],"collection":[{"href":"https:\/\/blissilusalong.ee\/fi\/wp-json\/wp\/v2\/product"}],"about":[{"href":"https:\/\/blissilusalong.ee\/fi\/wp-json\/wp\/v2\/types\/product"}],"replies":[{"embeddable":true,"href":"https:\/\/blissilusalong.ee\/fi\/wp-json\/wp\/v2\/comments?post=526801"}],"version-history":[{"count":2,"href":"https:\/\/blissilusalong.ee\/fi\/wp-json\/wp\/v2\/product\/526801\/revisions"}],"predecessor-version":[{"id":526823,"href":"https:\/\/blissilusalong.ee\/fi\/wp-json\/wp\/v2\/product\/526801\/revisions\/526823"}],"wp:featuredmedia":[{"embeddable":true,"href":"https:\/\/blissilusalong.ee\/fi\/wp-json\/wp\/v2\/media\/526516"}],"wp:attachment":[{"href":"https:\/\/blissilusalong.ee\/fi\/wp-json\/wp\/v2\/media?parent=526801"}],"wp:term":[{"taxonomy":"product_brand","embeddable":true,"href":"https:\/\/blissilusalong.ee\/fi\/wp-json\/wp\/v2\/product_brand?post=526801"},{"taxonomy":"product_cat","embeddable":true,"href":"https:\/\/blissilusalong.ee\/fi\/wp-json\/wp\/v2\/product_cat?post=526801"},{"taxonomy":"product_tag","embeddable":true,"href":"https:\/\/blissilusalong.ee\/fi\/wp-json\/wp\/v2\/product_tag?post=526801"}],"curies":[{"name":"wp","href":"https:\/\/api.w.org\/{rel}","templated":true}]}}