{"id":526803,"date":"2026-01-26T14:10:36","date_gmt":"2026-01-26T12:10:36","guid":{"rendered":"https:\/\/blissilusalong.ee\/toode\/kuldne-ripats-nabaneet-liblikas\/"},"modified":"2026-02-12T11:32:32","modified_gmt":"2026-02-12T09:32:32","slug":"napakoru-perhonen","status":"publish","type":"product","link":"https:\/\/blissilusalong.ee\/fi\/toode\/napakoru-perhonen\/","title":{"rendered":"Napakoru kuldainen riipus perhonen"},"content":{"rendered":"<h3>Napakoru kuldainen riipus perhonen<\/h3>\n<p id=\"tw-target-text\" class=\"tw-data-text tw-text-large tw-ta\" dir=\"ltr\" tabindex=\"-1\" role=\"text\" data-placeholder=\"Translation\" data-ved=\"2ahUKEwioiN-Uy9OSAxWtUlUIHSauJCwQ3ewLegQIDBAW\" aria-label=\"Translated text: Kirurginter\u00e4ksinen naparengas, jossa valkoisia zirkonikivi\u00e4. Perhosen muotoinen kullattu naparengas. Kirkas ja herkk\u00e4 zirkoniriipus. Naparenkaan leveys 1,6 mm, pituus 10 mm\"><span class=\"Y2IQFc\" lang=\"fi\">Kirurginter\u00e4ksinen napakoru, jossa valkoisia zirkonikivi\u00e4. Perhosen muotoinen kullattu naparengas. Kirkas ja herkk\u00e4 zirkoniriipus. Naparenkaan leveys 1,6 mm, pituus 10 mm<\/span><\/p>\n","protected":false},"excerpt":{"rendered":"<p id=\"tw-target-text\" class=\"tw-data-text tw-text-large tw-ta\" dir=\"ltr\" tabindex=\"-1\" role=\"text\" data-placeholder=\"Translation\" data-ved=\"2ahUKEwioiN-Uy9OSAxWtUlUIHSauJCwQ3ewLegQIDBAW\" aria-label=\"Translated text: Kullattu kirurginter\u00e4ksinen naparengas. Syd\u00e4nriipus zirkoneilla.\"><span class=\"Y2IQFc\" lang=\"fi\">Kullattu kirurginter\u00e4ksinen naparengas. Syd\u00e4nriipus zirkoneilla.<\/span><\/p>\n","protected":false},"featured_media":526510,"comment_status":"closed","ping_status":"closed","template":"","meta":{"_acf_changed":false,"om_disable_all_campaigns":false,"_monsterinsights_skip_tracking":false,"_monsterinsights_sitenote_active":false,"_monsterinsights_sitenote_note":"","_monsterinsights_sitenote_category":0,"ngg_post_thumbnail":0},"product_brand":[],"product_cat":[548],"product_tag":[559,568,569,560,561,562,563,564],"class_list":{"0":"post-526803","1":"product","2":"type-product","3":"status-publish","4":"has-post-thumbnail","6":"product_cat-nabakorut","7":"product_tag-allergiavaba","8":"product_tag-kuldne-nabaneet","9":"product_tag-kullatud","10":"product_tag-liblikas","11":"product_tag-nabaehted","12":"product_tag-nabaneet","13":"product_tag-nabarongad","14":"product_tag-ripats","16":"first","17":"outofstock","18":"taxable","19":"shipping-taxable","20":"purchasable","21":"product-type-simple"},"acf":[],"aioseo_notices":[],"_links":{"self":[{"href":"https:\/\/blissilusalong.ee\/fi\/wp-json\/wp\/v2\/product\/526803","targetHints":{"allow":["GET"]}}],"collection":[{"href":"https:\/\/blissilusalong.ee\/fi\/wp-json\/wp\/v2\/product"}],"about":[{"href":"https:\/\/blissilusalong.ee\/fi\/wp-json\/wp\/v2\/types\/product"}],"replies":[{"embeddable":true,"href":"https:\/\/blissilusalong.ee\/fi\/wp-json\/wp\/v2\/comments?post=526803"}],"version-history":[{"count":4,"href":"https:\/\/blissilusalong.ee\/fi\/wp-json\/wp\/v2\/product\/526803\/revisions"}],"predecessor-version":[{"id":526817,"href":"https:\/\/blissilusalong.ee\/fi\/wp-json\/wp\/v2\/product\/526803\/revisions\/526817"}],"wp:featuredmedia":[{"embeddable":true,"href":"https:\/\/blissilusalong.ee\/fi\/wp-json\/wp\/v2\/media\/526510"}],"wp:attachment":[{"href":"https:\/\/blissilusalong.ee\/fi\/wp-json\/wp\/v2\/media?parent=526803"}],"wp:term":[{"taxonomy":"product_brand","embeddable":true,"href":"https:\/\/blissilusalong.ee\/fi\/wp-json\/wp\/v2\/product_brand?post=526803"},{"taxonomy":"product_cat","embeddable":true,"href":"https:\/\/blissilusalong.ee\/fi\/wp-json\/wp\/v2\/product_cat?post=526803"},{"taxonomy":"product_tag","embeddable":true,"href":"https:\/\/blissilusalong.ee\/fi\/wp-json\/wp\/v2\/product_tag?post=526803"}],"curies":[{"name":"wp","href":"https:\/\/api.w.org\/{rel}","templated":true}]}}