{"id":526805,"date":"2026-01-26T13:42:26","date_gmt":"2026-01-26T11:42:26","guid":{"rendered":"https:\/\/blissilusalong.ee\/toode\/kahe-roosa-tsirkoonsudamega-kuldne-nabaneet\/"},"modified":"2026-02-12T11:43:58","modified_gmt":"2026-02-12T09:43:58","slug":"napakoru-kaksi-vaaleanpunaista-sydanta","status":"publish","type":"product","link":"https:\/\/blissilusalong.ee\/fi\/toode\/napakoru-kaksi-vaaleanpunaista-sydanta\/","title":{"rendered":"Napakoru kaksi vaaleanpunaista syd\u00e4nt\u00e4"},"content":{"rendered":"<h2 id=\"tw-target-text\" class=\"tw-data-text tw-text-large tw-ta\" dir=\"ltr\" tabindex=\"-1\" role=\"text\" data-placeholder=\"Translation\" data-ved=\"2ahUKEwjprtiC09OSAxVwIhAIHUP4JyMQ3ewLegQIBBAW\" aria-label=\"Translated text: Naparengas, kaksi vaaleanpunaista syd\u00e4nt\u00e4\n\nKultainen naparengas kirurginter\u00e4ksest\u00e4, jossa vaaleanpunaiset zirkonisyd\u00e4met.\n\nNaparengas, puikko, leveys 1,6 mm, pituus 10 mm\"><span class=\"Y2IQFc\" lang=\"fi\">Napakoru kaksi vaaleanpunaista syd\u00e4nt\u00e4 <\/span><\/h2>\n<p class=\"tw-data-text tw-text-large tw-ta\" dir=\"ltr\" tabindex=\"-1\" role=\"text\" data-placeholder=\"Translation\" data-ved=\"2ahUKEwjprtiC09OSAxVwIhAIHUP4JyMQ3ewLegQIBBAW\" aria-label=\"Translated text: Naparengas, kaksi vaaleanpunaista syd\u00e4nt\u00e4\n\nKultainen naparengas kirurginter\u00e4ksest\u00e4, jossa vaaleanpunaiset zirkonisyd\u00e4met.\n\nNaparengas, puikko, leveys 1,6 mm, pituus 10 mm\"><span class=\"Y2IQFc\" lang=\"fi\">Kultainen napakoru kirurginter\u00e4ksest\u00e4, jossa vaaleanpunaiset zirkonisyd\u00e4met. Naparengas, puikko, leveys 1,6 mm, pituus 10 mm<\/span><\/p>\n<p>Napakorut ovat malliltaan kaarevia banaanikoruja (curved), jotka asettuvat napal\u00e4vistykseen muotonsa vuoksi luonnollisesti. Valikoimastamme l\u00f6yd\u00e4t napakorut useassa eri v\u00e4riss\u00e4, roikkuvat ja ei-roikkuvat,&nbsp;<\/p>\n","protected":false},"excerpt":{"rendered":"<p>Kirurgilisest terasest kuldnenabaneet kahe roosa s\u00fcdamekujulise tsirkooniga.<\/p>\n","protected":false},"featured_media":526505,"comment_status":"closed","ping_status":"closed","template":"","meta":{"_acf_changed":false,"om_disable_all_campaigns":false,"_monsterinsights_skip_tracking":false,"_monsterinsights_sitenote_active":false,"_monsterinsights_sitenote_note":"","_monsterinsights_sitenote_category":0,"ngg_post_thumbnail":0},"product_brand":[],"product_cat":[548],"product_tag":[559,561,562,563,575,576],"class_list":{"0":"post-526805","1":"product","2":"type-product","3":"status-publish","4":"has-post-thumbnail","6":"product_cat-nabakorut","7":"product_tag-allergiavaba","8":"product_tag-nabaehted","9":"product_tag-nabaneet","10":"product_tag-nabarongad","11":"product_tag-tsirkoonid","12":"product_tag-tsirkoonidega","14":"first","15":"instock","16":"taxable","17":"shipping-taxable","18":"purchasable","19":"product-type-simple"},"acf":[],"aioseo_notices":[],"_links":{"self":[{"href":"https:\/\/blissilusalong.ee\/fi\/wp-json\/wp\/v2\/product\/526805","targetHints":{"allow":["GET"]}}],"collection":[{"href":"https:\/\/blissilusalong.ee\/fi\/wp-json\/wp\/v2\/product"}],"about":[{"href":"https:\/\/blissilusalong.ee\/fi\/wp-json\/wp\/v2\/types\/product"}],"replies":[{"embeddable":true,"href":"https:\/\/blissilusalong.ee\/fi\/wp-json\/wp\/v2\/comments?post=526805"}],"version-history":[{"count":2,"href":"https:\/\/blissilusalong.ee\/fi\/wp-json\/wp\/v2\/product\/526805\/revisions"}],"predecessor-version":[{"id":526821,"href":"https:\/\/blissilusalong.ee\/fi\/wp-json\/wp\/v2\/product\/526805\/revisions\/526821"}],"wp:featuredmedia":[{"embeddable":true,"href":"https:\/\/blissilusalong.ee\/fi\/wp-json\/wp\/v2\/media\/526505"}],"wp:attachment":[{"href":"https:\/\/blissilusalong.ee\/fi\/wp-json\/wp\/v2\/media?parent=526805"}],"wp:term":[{"taxonomy":"product_brand","embeddable":true,"href":"https:\/\/blissilusalong.ee\/fi\/wp-json\/wp\/v2\/product_brand?post=526805"},{"taxonomy":"product_cat","embeddable":true,"href":"https:\/\/blissilusalong.ee\/fi\/wp-json\/wp\/v2\/product_cat?post=526805"},{"taxonomy":"product_tag","embeddable":true,"href":"https:\/\/blissilusalong.ee\/fi\/wp-json\/wp\/v2\/product_tag?post=526805"}],"curies":[{"name":"wp","href":"https:\/\/api.w.org\/{rel}","templated":true}]}}