{"id":526807,"date":"2026-01-26T13:35:48","date_gmt":"2026-01-26T11:35:48","guid":{"rendered":"https:\/\/blissilusalong.ee\/toode\/nabaneet-suda-tiivad\/"},"modified":"2026-02-12T11:17:59","modified_gmt":"2026-02-12T09:17:59","slug":"nabakoru-sydamen-siivet","status":"publish","type":"product","link":"https:\/\/blissilusalong.ee\/fi\/toode\/nabakoru-sydamen-siivet\/","title":{"rendered":"Nabakoru syd\u00e4men siivet"},"content":{"rendered":"<h1 id=\"tw-target-text\" class=\"tw-data-text tw-text-large tw-ta\" dir=\"ltr\" tabindex=\"-1\" role=\"text\" data-placeholder=\"Translation\" data-ved=\"2ahUKEwioiN-Uy9OSAxWtUlUIHSauJCwQ3ewLegQIDBAW\" aria-label=\"Translated text: Naparengas, syd\u00e4n, siivet\n\nKirurgiter\u00e4ksinen naparengas, jossa zirkonikivi\u00e4. Liikkuva riipus punaisella syd\u00e4mell\u00e4. Tunnelmallinen lahjaidea.\n\nNaparengastangon leveys 1,6 mm, pituus 10 mm\"><span class=\"Y2IQFc\" lang=\"fi\">Napakoru syd\u00e4n ja siivet <\/span><\/h1>\n<p class=\"tw-data-text tw-text-large tw-ta\" dir=\"ltr\" tabindex=\"-1\" role=\"text\" data-placeholder=\"Translation\" data-ved=\"2ahUKEwioiN-Uy9OSAxWtUlUIHSauJCwQ3ewLegQIDBAW\" aria-label=\"Translated text: Naparengas, syd\u00e4n, siivet\n\nKirurgiter\u00e4ksinen naparengas, jossa zirkonikivi\u00e4. Liikkuva riipus punaisella syd\u00e4mell\u00e4. Tunnelmallinen lahjaidea.\n\nNaparengastangon leveys 1,6 mm, pituus 10 mm\"><span class=\"Y2IQFc\" lang=\"fi\">Kirurgiter\u00e4ksinen naparengas, jossa zirkonikivi\u00e4. Liikkuva riipus punaisella syd\u00e4mell\u00e4. Tunnelmallinen lahjaidea. Naparengastangon leveys 1,6 mm, pituus 10 mm<\/span><\/p>\n","protected":false},"excerpt":{"rendered":"<p id=\"tw-target-text\" class=\"tw-data-text tw-text-large tw-ta\" dir=\"ltr\" tabindex=\"-1\" role=\"text\" data-placeholder=\"Translation\" data-ved=\"2ahUKEwioiN-Uy9OSAxWtUlUIHSauJCwQ3ewLegQIDBAW\" aria-label=\"Translated text: Kirurginter\u00e4ksinen naparengas zirkonikivill\u00e4. Riipuksella syd\u00e4mi\u00e4 ja kivi\u00e4. Loistava lahjaidea.\"><span class=\"Y2IQFc\" lang=\"fi\">Kirurginter\u00e4ksinen naparengas zirkonikivill\u00e4. Riipuksella syd\u00e4mi\u00e4 ja kivi\u00e4. Loistava lahjaidea.<\/span><\/p>\n","protected":false},"featured_media":526499,"comment_status":"closed","ping_status":"closed","template":"","meta":{"_acf_changed":false,"om_disable_all_campaigns":false,"_monsterinsights_skip_tracking":false,"_monsterinsights_sitenote_active":false,"_monsterinsights_sitenote_note":"","_monsterinsights_sitenote_category":0,"ngg_post_thumbnail":0},"product_brand":[],"product_cat":[581,548],"product_tag":[559,582,561,562,563,583],"class_list":{"0":"post-526807","1":"product","2":"type-product","3":"status-publish","4":"has-post-thumbnail","6":"product_cat-kingi-ideid","7":"product_cat-nabakorut","8":"product_tag-allergiavaba","9":"product_tag-kingiidee","10":"product_tag-nabaehted","11":"product_tag-nabaneet","12":"product_tag-nabarongad","13":"product_tag-roosa","15":"first","16":"instock","17":"taxable","18":"shipping-taxable","19":"purchasable","20":"product-type-simple"},"acf":[],"aioseo_notices":[],"_links":{"self":[{"href":"https:\/\/blissilusalong.ee\/fi\/wp-json\/wp\/v2\/product\/526807","targetHints":{"allow":["GET"]}}],"collection":[{"href":"https:\/\/blissilusalong.ee\/fi\/wp-json\/wp\/v2\/product"}],"about":[{"href":"https:\/\/blissilusalong.ee\/fi\/wp-json\/wp\/v2\/types\/product"}],"replies":[{"embeddable":true,"href":"https:\/\/blissilusalong.ee\/fi\/wp-json\/wp\/v2\/comments?post=526807"}],"version-history":[{"count":2,"href":"https:\/\/blissilusalong.ee\/fi\/wp-json\/wp\/v2\/product\/526807\/revisions"}],"predecessor-version":[{"id":526814,"href":"https:\/\/blissilusalong.ee\/fi\/wp-json\/wp\/v2\/product\/526807\/revisions\/526814"}],"wp:featuredmedia":[{"embeddable":true,"href":"https:\/\/blissilusalong.ee\/fi\/wp-json\/wp\/v2\/media\/526499"}],"wp:attachment":[{"href":"https:\/\/blissilusalong.ee\/fi\/wp-json\/wp\/v2\/media?parent=526807"}],"wp:term":[{"taxonomy":"product_brand","embeddable":true,"href":"https:\/\/blissilusalong.ee\/fi\/wp-json\/wp\/v2\/product_brand?post=526807"},{"taxonomy":"product_cat","embeddable":true,"href":"https:\/\/blissilusalong.ee\/fi\/wp-json\/wp\/v2\/product_cat?post=526807"},{"taxonomy":"product_tag","embeddable":true,"href":"https:\/\/blissilusalong.ee\/fi\/wp-json\/wp\/v2\/product_tag?post=526807"}],"curies":[{"name":"wp","href":"https:\/\/api.w.org\/{rel}","templated":true}]}}