{"id":526946,"date":"2026-03-10T15:05:34","date_gmt":"2026-03-10T13:05:34","guid":{"rendered":"https:\/\/blissilusalong.ee\/toode\/clearist-puhastusvaht\/"},"modified":"2026-04-01T12:09:04","modified_gmt":"2026-04-01T10:09:04","slug":"clearist-puhastusvaht","status":"publish","type":"product","link":"https:\/\/blissilusalong.ee\/fi\/toode\/clearist-puhastusvaht\/","title":{"rendered":"CLEARIST puhastusvaht"},"content":{"rendered":"<p><strong>PURIFYING CLEANSING FOAM<br \/>\n<\/strong><strong>CLEARIST <\/strong><strong>Puhastusvaht 150 ml<\/strong><\/p>\n<p>Puhastusvaht aknele kalduva seborroilise ja keratiniseerunud naha igap\u00e4evaseks h\u00fcgieeniks. Puhastav ja kooriv koostis eemaldab mustuse, mis muidu ummistaks poore ja p\u00f5hjustaks ebapuhtuste vohamist. Uudne silikoonist aplikaator parandab toote toimet.<\/p>\n<p>Toime:<\/p>\n<p>\u2013 Puhastab nahka s\u00fcgavuti<\/p>\n<p>\u2013 V\u00e4hendab mustust<\/p>\n<p>\u2013 Ennetab pooride ummistumist<\/p>\n<p><strong>Aktiivained:<\/strong> mandelhape, gl\u00fckoolhape, levuliinhape, betaiin. [AHA (3,0%), pH \u2265 4,0].<\/p>\n<p><strong>Nahat\u00fc\u00fcbid:<\/strong> kombineeritud ja\/v\u00f5i rasune nahk, mis kaldub aknele ja\/v\u00f5i keratiniseerumisele. Sobib noorele ja t\u00e4iskasvanud nahale.<\/p>\n","protected":false},"excerpt":{"rendered":"<p>Puhastusvaht aknele kalduva seborroilise ja keratiniseeritud naha igap\u00e4evaseks h\u00fcgieeniks. Puhastav ja kooriv koostis eemaldab mustuse, mis muidu ummistaks poore ja p\u00f5hjustaks ebapuhtuse vohamist.<\/p>\n<p>&nbsp;<\/p>\n<p>&nbsp;<\/p>\n","protected":false},"featured_media":526938,"comment_status":"closed","ping_status":"closed","template":"","meta":{"_acf_changed":false,"om_disable_all_campaigns":false,"_monsterinsights_skip_tracking":false,"_monsterinsights_sitenote_active":false,"_monsterinsights_sitenote_note":"","_monsterinsights_sitenote_category":0,"ngg_post_thumbnail":0},"product_brand":[],"product_cat":[612,586],"product_tag":[587,588,589],"class_list":{"0":"post-526946","1":"product","2":"type-product","3":"status-publish","4":"has-post-thumbnail","6":"product_cat-skeyndor-clearist","7":"product_cat-puhastusvahendid","8":"product_tag-clearist","9":"product_tag-puhastusvahend","10":"product_tag-puhastusvaht","12":"first","13":"instock","14":"taxable","15":"shipping-taxable","16":"purchasable","17":"product-type-simple"},"acf":[],"aioseo_notices":[],"_links":{"self":[{"href":"https:\/\/blissilusalong.ee\/fi\/wp-json\/wp\/v2\/product\/526946","targetHints":{"allow":["GET"]}}],"collection":[{"href":"https:\/\/blissilusalong.ee\/fi\/wp-json\/wp\/v2\/product"}],"about":[{"href":"https:\/\/blissilusalong.ee\/fi\/wp-json\/wp\/v2\/types\/product"}],"replies":[{"embeddable":true,"href":"https:\/\/blissilusalong.ee\/fi\/wp-json\/wp\/v2\/comments?post=526946"}],"version-history":[{"count":1,"href":"https:\/\/blissilusalong.ee\/fi\/wp-json\/wp\/v2\/product\/526946\/revisions"}],"predecessor-version":[{"id":526963,"href":"https:\/\/blissilusalong.ee\/fi\/wp-json\/wp\/v2\/product\/526946\/revisions\/526963"}],"wp:featuredmedia":[{"embeddable":true,"href":"https:\/\/blissilusalong.ee\/fi\/wp-json\/wp\/v2\/media\/526938"}],"wp:attachment":[{"href":"https:\/\/blissilusalong.ee\/fi\/wp-json\/wp\/v2\/media?parent=526946"}],"wp:term":[{"taxonomy":"product_brand","embeddable":true,"href":"https:\/\/blissilusalong.ee\/fi\/wp-json\/wp\/v2\/product_brand?post=526946"},{"taxonomy":"product_cat","embeddable":true,"href":"https:\/\/blissilusalong.ee\/fi\/wp-json\/wp\/v2\/product_cat?post=526946"},{"taxonomy":"product_tag","embeddable":true,"href":"https:\/\/blissilusalong.ee\/fi\/wp-json\/wp\/v2\/product_tag?post=526946"}],"curies":[{"name":"wp","href":"https:\/\/api.w.org\/{rel}","templated":true}]}}