{"id":526961,"date":"2026-03-13T11:14:35","date_gmt":"2026-03-13T09:14:35","guid":{"rendered":"https:\/\/blissilusalong.ee\/?post_type=product&#038;p=526961"},"modified":"2026-04-01T12:11:51","modified_gmt":"2026-04-01T10:11:51","slug":"clearist-losjoon","status":"publish","type":"product","link":"https:\/\/blissilusalong.ee\/fi\/toode\/clearist-losjoon\/","title":{"rendered":"CLEARIST losjoon"},"content":{"rendered":"<p><strong>EXFOLIATING CARE LOTION<br \/>\n<\/strong><strong>CLEARIST losjoon<\/strong><strong>&nbsp;100 ml<\/strong><\/p>\n<p>Mitmetoimeline ettevalmistav losjoon aknele kalduvale, seborroilisele ja keratiniseeritud nahale. Progressiivne kooriv ja kokkut\u00f5mbav toime, mis korrigeerib laienenud pooride v\u00e4ljan\u00e4gemist ja pehmendab aknele kalduva naha j\u00e4lgi. Kortisoolivastane toime, v\u00e4hendades argip\u00e4evastressi kosmeetilisi m\u00f5jusid nahale.<\/p>\n<p><strong>Kasutamine:<\/strong> Vedelat vedelikku kanda vatipadjale ja kanda \u00fcle kogu n\u00e4o<\/p>\n<p><strong>Aktiivained:<\/strong> gl\u00fckoolhape, mandelhape, merevaikhape, gl\u00fckonolaktoon, punane tuhkleht, harilik l\u00e4\u00e4ts. [AHA (10,0%), pH \u2265 3,5].<\/p>\n<p><strong>Toime:<\/strong><\/p>\n<p>\u2013 V\u00e4hendab pooride n\u00e4htavust<\/p>\n<p>\u2013 Pehmendab arme ja vistrikke<\/p>\n<p>\u2013 Stressivastane toime<\/p>\n<p>\u2013 Igap\u00e4evane kooriv toime<\/p>\n<p><strong>Nahat\u00fc\u00fcbid:<\/strong> aknele kalduv kombineeritud ja\/v\u00f5i rasune nahk. Sobib noorele ja t\u00e4iskasvanud nahale.<\/p>\n<p>&nbsp;<\/p>\n","protected":false},"excerpt":{"rendered":"<p>Mitmetoimeline ettevalmistav losjoon aknele kalduvale, seborroilisele ja keratiniseeritud nahale.<\/p>\n<p>&nbsp;<\/p>\n<p>&nbsp;<\/p>\n","protected":false},"featured_media":526974,"comment_status":"closed","ping_status":"closed","template":"","meta":{"_acf_changed":false,"om_disable_all_campaigns":false,"_monsterinsights_skip_tracking":false,"_monsterinsights_sitenote_active":false,"_monsterinsights_sitenote_note":"","_monsterinsights_sitenote_category":0,"ngg_post_thumbnail":0},"product_brand":[],"product_cat":[612,597],"product_tag":[587,593,594,595,596],"class_list":{"0":"post-526961","1":"product","2":"type-product","3":"status-publish","4":"has-post-thumbnail","6":"product_cat-skeyndor-clearist","7":"product_cat-seerum","8":"product_tag-clearist","9":"product_tag-ctx","10":"product_tag-kooriv","11":"product_tag-kortisooli-vastane","12":"product_tag-poore-ahendav","14":"first","15":"instock","16":"taxable","17":"shipping-taxable","18":"purchasable","19":"product-type-simple"},"acf":[],"aioseo_notices":[],"_links":{"self":[{"href":"https:\/\/blissilusalong.ee\/fi\/wp-json\/wp\/v2\/product\/526961","targetHints":{"allow":["GET"]}}],"collection":[{"href":"https:\/\/blissilusalong.ee\/fi\/wp-json\/wp\/v2\/product"}],"about":[{"href":"https:\/\/blissilusalong.ee\/fi\/wp-json\/wp\/v2\/types\/product"}],"replies":[{"embeddable":true,"href":"https:\/\/blissilusalong.ee\/fi\/wp-json\/wp\/v2\/comments?post=526961"}],"version-history":[{"count":3,"href":"https:\/\/blissilusalong.ee\/fi\/wp-json\/wp\/v2\/product\/526961\/revisions"}],"predecessor-version":[{"id":527038,"href":"https:\/\/blissilusalong.ee\/fi\/wp-json\/wp\/v2\/product\/526961\/revisions\/527038"}],"wp:featuredmedia":[{"embeddable":true,"href":"https:\/\/blissilusalong.ee\/fi\/wp-json\/wp\/v2\/media\/526974"}],"wp:attachment":[{"href":"https:\/\/blissilusalong.ee\/fi\/wp-json\/wp\/v2\/media?parent=526961"}],"wp:term":[{"taxonomy":"product_brand","embeddable":true,"href":"https:\/\/blissilusalong.ee\/fi\/wp-json\/wp\/v2\/product_brand?post=526961"},{"taxonomy":"product_cat","embeddable":true,"href":"https:\/\/blissilusalong.ee\/fi\/wp-json\/wp\/v2\/product_cat?post=526961"},{"taxonomy":"product_tag","embeddable":true,"href":"https:\/\/blissilusalong.ee\/fi\/wp-json\/wp\/v2\/product_tag?post=526961"}],"curies":[{"name":"wp","href":"https:\/\/api.w.org\/{rel}","templated":true}]}}