{"id":526979,"date":"2026-03-13T12:13:01","date_gmt":"2026-03-13T10:13:01","guid":{"rendered":"https:\/\/blissilusalong.ee\/?post_type=product&#038;p=526979"},"modified":"2026-03-18T12:22:11","modified_gmt":"2026-03-18T10:22:11","slug":"clearist-geelemulsioon","status":"publish","type":"product","link":"https:\/\/blissilusalong.ee\/fi\/toode\/clearist-geelemulsioon\/","title":{"rendered":"CLEARIST Geelemulsioon"},"content":{"rendered":"<p><strong>MATTIFYING BALANCE<br \/>\nGEL-EMULSION<br \/>\n<\/strong><strong>CLEARIST geelemulsioon<\/strong><strong> 50 ml<\/strong><\/p>\n<p>Geelemulsioon tasakaalustab uuesti nahabarj\u00e4\u00e4ri ja mikrobioomi, ennetades ebapuhtuse v\u00e4ljapaistmist aknele kalduval seborroilisel nahal. Rahustab ja k\u00f5rvaldab punetuse jaketenduse, mida p\u00f5hjustavad aknevastased ained, nagu happed v\u00f5i suu kaudu manustatavad A-vitamiinid, ilma nahka rasuseks muutmata. Sobib ka meestele, sest ei j\u00e4ta kleepuvat kihti.<\/p>\n<p>&nbsp;<\/p>\n<p><strong>Aktiivained: <\/strong>HS sojaekstrakt, <em>Lactococcus <\/em>l\u00fcsaat, bisabolool, vitamiin B3 (niatsinamiid) ja E-vitamiin.<\/p>\n<p><strong>Toime:<\/strong><\/p>\n<p>\u2013 Matistab ja reguleerib rasueritust<\/p>\n<p>\u2013 Tasakaalustab uuesti naha mikrobioomi<\/p>\n<p>\u2013 Rahustav ja p\u00f5letikuvastane toime<\/p>\n<p><strong>Nahat\u00fc\u00fcbid: <\/strong>aknele kalduv kombineeritud ja\/v\u00f5i rasune nahk. Sobib noorele ja t\u00e4iskasvanud nahale.<\/p>\n<p>&nbsp;<\/p>\n","protected":false},"excerpt":{"rendered":"<p>Geelemulsioon tasakaalustab uuesti nahabarj\u00e4\u00e4ri ja mikrobioomi, ennetades ebapuhtuse v\u00e4ljapaistmist aknele kalduval seborroilisel nahal. Rahustab ja k\u00f5rvaldab punetuse jaketenduse, mida p\u00f5hjustavad aknevastased ained, nagu happed v\u00f5i suu kaudu manustatavad A-vitamiinid, ilma nahka rasuseks muutmata.<\/p>\n<p>&nbsp;<\/p>\n<p>&nbsp;<\/p>\n<p>&nbsp;<\/p>\n","protected":false},"featured_media":526982,"comment_status":"closed","ping_status":"closed","template":"","meta":{"_acf_changed":false,"om_disable_all_campaigns":false,"_monsterinsights_skip_tracking":false,"_monsterinsights_sitenote_active":false,"_monsterinsights_sitenote_note":"","_monsterinsights_sitenote_category":0,"ngg_post_thumbnail":0},"product_brand":[],"product_cat":[612,609],"product_tag":[587,593,599,600,601],"class_list":{"0":"post-526979","1":"product","2":"type-product","3":"status-publish","4":"has-post-thumbnail","6":"product_cat-skeyndor-clearist","7":"product_cat-kreemid","8":"product_tag-clearist","9":"product_tag-ctx","10":"product_tag-matistav","11":"product_tag-poletikuvastane","12":"product_tag-taastab-naha-mikrobioomi","14":"first","15":"instock","16":"taxable","17":"shipping-taxable","18":"purchasable","19":"product-type-simple"},"acf":[],"aioseo_notices":[],"_links":{"self":[{"href":"https:\/\/blissilusalong.ee\/fi\/wp-json\/wp\/v2\/product\/526979","targetHints":{"allow":["GET"]}}],"collection":[{"href":"https:\/\/blissilusalong.ee\/fi\/wp-json\/wp\/v2\/product"}],"about":[{"href":"https:\/\/blissilusalong.ee\/fi\/wp-json\/wp\/v2\/types\/product"}],"replies":[{"embeddable":true,"href":"https:\/\/blissilusalong.ee\/fi\/wp-json\/wp\/v2\/comments?post=526979"}],"version-history":[{"count":2,"href":"https:\/\/blissilusalong.ee\/fi\/wp-json\/wp\/v2\/product\/526979\/revisions"}],"predecessor-version":[{"id":527041,"href":"https:\/\/blissilusalong.ee\/fi\/wp-json\/wp\/v2\/product\/526979\/revisions\/527041"}],"wp:featuredmedia":[{"embeddable":true,"href":"https:\/\/blissilusalong.ee\/fi\/wp-json\/wp\/v2\/media\/526982"}],"wp:attachment":[{"href":"https:\/\/blissilusalong.ee\/fi\/wp-json\/wp\/v2\/media?parent=526979"}],"wp:term":[{"taxonomy":"product_brand","embeddable":true,"href":"https:\/\/blissilusalong.ee\/fi\/wp-json\/wp\/v2\/product_brand?post=526979"},{"taxonomy":"product_cat","embeddable":true,"href":"https:\/\/blissilusalong.ee\/fi\/wp-json\/wp\/v2\/product_cat?post=526979"},{"taxonomy":"product_tag","embeddable":true,"href":"https:\/\/blissilusalong.ee\/fi\/wp-json\/wp\/v2\/product_tag?post=526979"}],"curies":[{"name":"wp","href":"https:\/\/api.w.org\/{rel}","templated":true}]}}