{"id":526989,"date":"2026-03-13T12:37:39","date_gmt":"2026-03-13T10:37:39","guid":{"rendered":"https:\/\/blissilusalong.ee\/?post_type=product&#038;p=526989"},"modified":"2026-04-01T12:15:27","modified_gmt":"2026-04-01T10:15:27","slug":"clearist-korrigeeriv-vistrikugeel","status":"publish","type":"product","link":"https:\/\/blissilusalong.ee\/fi\/toode\/clearist-korrigeeriv-vistrikugeel\/","title":{"rendered":"CLEARIST Korrigeeriv vistrikugeel"},"content":{"rendered":"<p><strong>INSTANT<br \/>\nCORRECTING GEL<br \/>\n<\/strong><strong>CLEARIST korrigeeriv vistrikugeel<\/strong><strong> 10 ml<\/strong><\/p>\n<p>Kiirelt kuivav geel lokaalsetele vistrikele, aknele kalduval nahal. J\u00e4tab n\u00e4htamatu kihi, millel on vistrikule v\u00f5i ebapuhtusele kontsentreeritud kooriv toime, kiirendades paranemist ilma j\u00e4lgi j\u00e4tmata.<\/p>\n<p><strong>Toimeained: <\/strong>n\u00f5iapuu, mandelhape, merevaikhape [AHA (6,0%), pH \u22653,5], etanool (\u226430%).<\/p>\n<p><strong>Aktiivained: <\/strong>HS sojaekstrakt, <em>Lactococcus <\/em>l\u00fcsaat, bisabolool, vitamiin B3 (niatsinamiid) ja E-vitamiin.<\/p>\n<p><strong>Toime:<\/strong><\/p>\n<p>\u2013 V\u00e4hendab vistrike suurust<\/p>\n<p>\u2013 Kiiresti kuivav koostis<\/p>\n<p>\u2013 Koorib \u00f5rnalt nahka<\/p>\n<p><strong>Nahat\u00fc\u00fcbid:<\/strong>aknele kalduv kombineeritud ja\/v\u00f5i rasune nahk. Sobib noorele ja t\u00e4iskasvanud nahale.<\/p>\n","protected":false},"excerpt":{"rendered":"<p>Kiirelt kuivav geel lokaalsetele vistrikele, aknele kalduval nahal. J\u00e4tab n\u00e4htamatu kihi, millel on vistrikule v\u00f5i ebapuhtusele kontsentreeritud kooriv toime, kiirendades paranemist ilma j\u00e4lgi j\u00e4tmata.<\/p>\n<p>&nbsp;<\/p>\n<p>&nbsp;<\/p>\n<p>&nbsp;<\/p>\n","protected":false},"featured_media":526997,"comment_status":"closed","ping_status":"closed","template":"","meta":{"_acf_changed":false,"om_disable_all_campaigns":false,"_monsterinsights_skip_tracking":false,"_monsterinsights_sitenote_active":false,"_monsterinsights_sitenote_note":"","_monsterinsights_sitenote_category":0,"ngg_post_thumbnail":0},"product_brand":[],"product_cat":[612,603,597],"product_tag":[587,593,600,604],"class_list":{"0":"post-526989","1":"product","2":"type-product","3":"status-publish","4":"has-post-thumbnail","6":"product_cat-skeyndor-clearist","7":"product_cat-intensiivampullid","8":"product_cat-seerum","9":"product_tag-clearist","10":"product_tag-ctx","11":"product_tag-poletikuvastane","12":"product_tag-vistrikke-vahendav","14":"first","15":"instock","16":"taxable","17":"shipping-taxable","18":"purchasable","19":"product-type-simple"},"acf":[],"aioseo_notices":[],"_links":{"self":[{"href":"https:\/\/blissilusalong.ee\/fi\/wp-json\/wp\/v2\/product\/526989","targetHints":{"allow":["GET"]}}],"collection":[{"href":"https:\/\/blissilusalong.ee\/fi\/wp-json\/wp\/v2\/product"}],"about":[{"href":"https:\/\/blissilusalong.ee\/fi\/wp-json\/wp\/v2\/types\/product"}],"replies":[{"embeddable":true,"href":"https:\/\/blissilusalong.ee\/fi\/wp-json\/wp\/v2\/comments?post=526989"}],"version-history":[{"count":2,"href":"https:\/\/blissilusalong.ee\/fi\/wp-json\/wp\/v2\/product\/526989\/revisions"}],"predecessor-version":[{"id":527189,"href":"https:\/\/blissilusalong.ee\/fi\/wp-json\/wp\/v2\/product\/526989\/revisions\/527189"}],"wp:featuredmedia":[{"embeddable":true,"href":"https:\/\/blissilusalong.ee\/fi\/wp-json\/wp\/v2\/media\/526997"}],"wp:attachment":[{"href":"https:\/\/blissilusalong.ee\/fi\/wp-json\/wp\/v2\/media?parent=526989"}],"wp:term":[{"taxonomy":"product_brand","embeddable":true,"href":"https:\/\/blissilusalong.ee\/fi\/wp-json\/wp\/v2\/product_brand?post=526989"},{"taxonomy":"product_cat","embeddable":true,"href":"https:\/\/blissilusalong.ee\/fi\/wp-json\/wp\/v2\/product_cat?post=526989"},{"taxonomy":"product_tag","embeddable":true,"href":"https:\/\/blissilusalong.ee\/fi\/wp-json\/wp\/v2\/product_tag?post=526989"}],"curies":[{"name":"wp","href":"https:\/\/api.w.org\/{rel}","templated":true}]}}